{"id":1105,"date":"2025-12-29T12:57:56","date_gmt":"2025-12-29T10:57:56","guid":{"rendered":"https:\/\/www.emotionsdev.com\/?page_id=1105"},"modified":"2026-01-30T13:10:50","modified_gmt":"2026-01-30T11:10:50","slug":"fase-1-el-pantallazo-negro-el-colapso","status":"publish","type":"page","link":"https:\/\/www.emotionsdev.com\/ca\/metodo-reset\/duelo-relacional\/fase-1-el-pantallazo-negro-el-colapso\/","title":{"rendered":"Fase 1: La pantalla negra (El col\u00b7lapse)"},"content":{"rendered":"<h2 class=\"wp-block-heading\">Punto de partida<\/h2>\n\n\n\n<p>Bienvenido a la Fase 1. Este es tu punto de partida real. S\u00e9 que lo que te voy a decir ahora mismo te va a dar igual e incluso podr\u00e1s pensar: <em>\u00abS\u00ed, s\u00ed&#8230; pero mira d\u00f3nde estoy\u00bb<\/em>.<\/p>\n\n\n\n<p>Lo primero que te puedo decir es que s\u00e9 que est\u00e1s en medio del caos. S\u00e9 que sigues con esa saturaci\u00f3n y que incluso ahora parece m\u00e1s fuerte que antes. Y si estamos hablando de una ruptura dolorosa y traum\u00e1tica, desde mi experiencia te digo: <strong>\u00a1CONTACTO 0 S\u00cd O S\u00cd!<\/strong> No hay otra opci\u00f3n si quieres que tu sistema vuelva a arrancar.<\/p>\n\n\n\n<h2 class=\"wp-block-heading\">La soledad del \u00abModo Seguro\u00bb<\/h2>\n\n\n\n<p>Antes, en la <strong><a href=\"https:\/\/www.emotionsdev.com\/ca\/metodo-reset\/fase-beta-el-sistema-esta-fallando-antes-del-colapso\/\" data-type=\"link\" data-id=\"https:\/\/www.emotionsdev.com\/metodo-reset\/fase-beta-el-sistema-esta-fallando-antes-del-colapso\/\">Fase 0<\/a><\/strong>, no ten\u00edas el control pero ten\u00edas cierto confort. Ya sab\u00edas lo que hab\u00eda, estabas medio acostumbrado a vivir en alerta y en peligro constante. Tu cuerpo no soportaba estar all\u00ed y t\u00fa no te lo merec\u00edas, pero ya conoc\u00edas esa sensaci\u00f3n desagradable.<\/p>\n\n\n\n<p>Ahora no. Ahora todo es nuevo e incomoda mucho m\u00e1s. Te sientes completamente solo, sintiendo que lo que has vivido no lo ha vivido nadie. Est\u00e1s solo\/a en el mundo y, desde luego, sientes que nadie de tu entorno te entiende. Te escuchar\u00e1n, intentar\u00e1n ayudar, pero de nada sirve porque no han estado en tu piel.<\/p>\n\n\n\n<p>En mi caso, en esta Fase 1, <strong>me qued\u00e9 encerrado en mi habitaci\u00f3n<\/strong>. Salir al exterior me daba terror y una ansiedad brutal. Mi habitaci\u00f3n y mi casa eran mi refugio, mi zona de seguridad. <strong>Te recomiendo que busques tu zona de m\u00e1xima seguridad<\/strong>, ese lugar donde nada externo pueda inyectar m\u00e1s ruido a tu sistema.<\/p>\n\n\n\n<h2 class=\"wp-block-heading\">El riesgo de saltarse el proceso<\/h2>\n\n\n\n<p>Aqu\u00ed tienes dos opciones:<\/p>\n\n\n\n<ol start=\"1\" class=\"wp-block-list\">\n<li><strong>Arrimar el hombro:<\/strong> Coger la mochila y tirar hacia adelante para llegar a la Fase 2. La realidad es que muy poca gente lo logra porque no soportan el caos. Aqu\u00ed lo \u00fanico que tienes que hacer es compasi\u00f3n contigo mismo\/a, no correr, sentir el dolor, aceptarlo, aceptar que est\u00e1s aqu\u00ed, sentir y abrazar esta soledad tan inc\u00f3moda y dolorosa. Aqu\u00ed lo m\u00e1s importante es saber que es una fase, que es muy normal que est\u00e9s destrozado\/a y que necesitas tiempo para recuperarte. Nada m\u00e1s, no tienes que hacer nada m\u00e1s, simplemente aguantar con compasi\u00f3n este dolor.<\/li>\n\n\n\n<li><strong>El falso bypass:<\/strong> Mucha gente intenta saltar directamente a la Fase 4 sin revisar absolutamente nada. Responsabilizan de todo a lo de fuera, no hacen la introspecci\u00f3n necesaria y eso acaba destruyendo a los dem\u00e1s y haciendo m\u00e1s da\u00f1o.<\/li>\n<\/ol>\n\n\n\n<p>Si logras llegar a la <strong><a href=\"https:\/\/www.emotionsdev.com\/ca\/metodo-reset\/fase-2-el-servicio-tecnico-entender-que-ha-pasado\/\" data-type=\"link\" data-id=\"https:\/\/www.emotionsdev.com\/metodo-reset\/fase-2-el-servicio-tecnico-entender-que-ha-pasado\/\">Fase 2<\/a><\/strong> empieza tu verdadero viaje y el aprendizaje para lograr una versi\u00f3n m\u00e1s TOP de ti. Si llegas ah\u00ed, tienes casi un 100% de garant\u00eda de \u00e9xito. <strong>No falles ahora.<\/strong> Si est\u00e1s dudando o sientes que no tienes fuerzas, <strong>escr\u00edbeme<\/strong>. No quiero que vuelvas a la Fase 0. Yo creo en ti. Pero para salir victorioso tienes que \u00abcoger el toro por los cuernos\u00bb: ser responsable de tu vida y no excusarte solo en lo que te han hecho.<\/p>\n\n\n\n<h2 class=\"wp-block-heading\">Mi registro de bit\u00e1cora: C\u00f3mo logr\u00e9 avanzar<\/h2>\n\n\n\n<p>Yo logr\u00e9 pasar a la fase 2 por varios motivos que me sirvieron de soporte:<\/p>\n\n\n\n<ul class=\"wp-block-list\">\n<li><strong>Decid\u00ed hacer un prop\u00f3sito de mi experiencia:<\/strong> Darle un sentido a todo este dolor.<\/li>\n\n\n\n<li><strong>Mostr\u00e9 mi vulnerabilidad:<\/strong> Entend\u00ed que es lo que nos conecta con los dem\u00e1s.<\/li>\n\n\n\n<li><strong>Terapia profesional:<\/strong> Sesiones peri\u00f3dicas con mi psic\u00f3loga.<\/li>\n\n\n\n<li><strong>Terapias naturales:<\/strong> Mi madre me ayud\u00f3 much\u00edsimo en este aspecto.<\/li>\n\n\n\n<li><strong>Pedir ayuda a mis redes de apoyo:<\/strong> Dar la \u00abturra\u00bb a amigos\/as que me ayudaron (es vital haber cultivado amistades que te sostendr\u00e1n en los momentos m\u00e1s dif\u00edciles).<\/li>\n\n\n\n<li><strong>Informarme:<\/strong> Entender t\u00e9cnicamente lo que hab\u00eda vivido para no sentirme tan solo.<\/li>\n<\/ul>\n\n\n\n<p><\/p>\n\n\n\n<h2 class=\"wp-block-heading\"><a href=\"https:\/\/www.emotionsdev.com\/ca\/ejercicio-fase-1\/\" data-type=\"link\" data-id=\"https:\/\/www.emotionsdev.com\/ejercicio-fase-1\/\">Ejercicio para la Fase 1<\/a><\/h2>\n\n\n\n<p>Aqu\u00ed te dejo unos posts para que puedas leer lo que yo viv\u00ed y sent\u00ed cuando estaba exactamente en el mismo punto donde est\u00e1s t\u00fa ahora.<\/p>\n\n\n\n<h3 class=\"wp-block-heading\"><a href=\"https:\/\/www.emotionsdev.com\/ca\/cuando-la-ansiedad-y-el-duelo-aprietan-un-reset-emocional-que-empieza-en-el-cuerpo\/\" data-type=\"link\" data-id=\"https:\/\/www.emotionsdev.com\/cuando-la-ansiedad-y-el-duelo-aprietan-un-reset-emocional-que-empieza-en-el-cuerpo\/\">L'ansietat per el dol no sempre \u00e9s mental: de vegades \u00e9s el cos en mode d'emerg\u00e8ncia.<\/a><\/h3>\n\n\n\n<h3 class=\"wp-block-heading\"><a href=\"https:\/\/www.emotionsdev.com\/ca\/cuando-necesitas-pausar-y-entender-lo-que-te-esta-pasando\/\" data-type=\"link\" data-id=\"https:\/\/www.emotionsdev.com\/cuando-necesitas-pausar-y-entender-lo-que-te-esta-pasando\/\">Quan la teva vida et diu que t'aturis: una fatiga que no es pot solucionar fent m\u00e9s.<\/a><\/h3>\n\n\n\n<h3 class=\"wp-block-heading\"><a href=\"https:\/\/www.emotionsdev.com\/ca\/cuando-el-entorno-toxico-empieza-a-bloquear-tu-sistema-interno\/\" data-type=\"link\" data-id=\"https:\/\/www.emotionsdev.com\/cuando-el-entorno-toxico-empieza-a-bloquear-tu-sistema-interno\/\">Quan l'entorn t\u00f2xic comen\u00e7a a bloquejar el teu sistema intern<\/a><\/h3>\n\n\n\n<p>Te dejo una canci\u00f3n que me ha estado acompa\u00f1ando en todos los procesos pero creo que en el que m\u00e1s te va ayudar es en esta Fase 1.<\/p>\n\n\n\n<figure class=\"wp-block-embed is-type-rich is-provider-spotify wp-block-embed-spotify wp-embed-aspect-21-9 wp-has-aspect-ratio\"><div class=\"wp-block-embed__wrapper\">\n<iframe title=\"Spotify Embed: O\" style=\"border-radius: 12px\" width=\"100%\" height=\"152\" frameborder=\"0\" allowfullscreen allow=\"autoplay; clipboard-write; encrypted-media; fullscreen; picture-in-picture\" loading=\"lazy\" src=\"https:\/\/open.spotify.com\/embed\/track\/77yuzxCS3csrgTPSW0pvyk?si=l0mZi1A6Q72S88A9vbfqhA&amp;utm_source=oembed\"><\/iframe>\n<\/div><\/figure>\n\n\n\n<p><\/p>\n\n\n\n<h2 class=\"wp-block-heading\"><a href=\"https:\/\/www.emotionsdev.com\/ca\/metodo-reset\/fase-2-el-servicio-tecnico-entender-que-ha-pasado\/\" data-type=\"link\" data-id=\"https:\/\/www.emotionsdev.com\/metodo-reset\/fase-2-el-servicio-tecnico-entender-que-ha-pasado\/\">Seguir hacia la Fase 2: El Servicio T\u00e9cnico (Entender qu\u00e9 ha pasado)<\/a><\/h2>\n\n\n\n<p><\/p>","protected":false},"excerpt":{"rendered":"<p>Punto de partida Bienvenido a la Fase 1. Este es tu punto de partida real. S\u00e9 que lo que te voy a decir ahora mismo te va a dar igual e incluso podr\u00e1s pensar: \u00abS\u00ed, s\u00ed&#8230; pero mira d\u00f3nde estoy\u00bb. Lo primero que te puedo decir es que s\u00e9 que est\u00e1s en medio del caos. [&hellip;]<\/p>\n","protected":false},"author":1,"featured_media":0,"parent":1548,"menu_order":0,"comment_status":"closed","ping_status":"closed","template":"","meta":{"googlesitekit_rrm_CAowu-DEDA:productID":"","_monsterinsights_skip_tracking":false,"_monsterinsights_sitenote_active":false,"_monsterinsights_sitenote_note":"","_monsterinsights_sitenote_category":0,"_uf_show_specific_survey":0,"_uf_disable_surveys":false,"footnotes":""},"class_list":["post-1105","page","type-page","status-publish","hentry"],"amp_enabled":true,"_links":{"self":[{"href":"https:\/\/www.emotionsdev.com\/ca\/wp-json\/wp\/v2\/pages\/1105","targetHints":{"allow":["GET"]}}],"collection":[{"href":"https:\/\/www.emotionsdev.com\/ca\/wp-json\/wp\/v2\/pages"}],"about":[{"href":"https:\/\/www.emotionsdev.com\/ca\/wp-json\/wp\/v2\/types\/page"}],"author":[{"embeddable":true,"href":"https:\/\/www.emotionsdev.com\/ca\/wp-json\/wp\/v2\/users\/1"}],"replies":[{"embeddable":true,"href":"https:\/\/www.emotionsdev.com\/ca\/wp-json\/wp\/v2\/comments?post=1105"}],"version-history":[{"count":13,"href":"https:\/\/www.emotionsdev.com\/ca\/wp-json\/wp\/v2\/pages\/1105\/revisions"}],"predecessor-version":[{"id":1361,"href":"https:\/\/www.emotionsdev.com\/ca\/wp-json\/wp\/v2\/pages\/1105\/revisions\/1361"}],"up":[{"embeddable":true,"href":"https:\/\/www.emotionsdev.com\/ca\/wp-json\/wp\/v2\/pages\/1548"}],"wp:attachment":[{"href":"https:\/\/www.emotionsdev.com\/ca\/wp-json\/wp\/v2\/media?parent=1105"}],"curies":[{"name":"wp","href":"https:\/\/api.w.org\/{rel}","templated":true}]}}