{"id":1108,"date":"2025-12-29T12:58:42","date_gmt":"2025-12-29T10:58:42","guid":{"rendered":"https:\/\/www.emotionsdev.com\/?page_id=1108"},"modified":"2026-02-09T20:08:16","modified_gmt":"2026-02-09T18:08:16","slug":"fase-2-el-servicio-tecnico-entender-que-ha-pasado","status":"publish","type":"page","link":"https:\/\/www.emotionsdev.com\/ca\/metodo-reset\/duelo-relacional\/fase-2-el-servicio-tecnico-entender-que-ha-pasado\/","title":{"rendered":"Fase 2: Servei t\u00e8cnic (Comprendre qu\u00e8 ha passat)"},"content":{"rendered":"<h2 class=\"wp-block-heading\">Despu\u00e9s del shock inicial<\/h2>\n\n\n\n<p>\u00bfHas llegado? \u00bfQu\u00e9 tal est\u00e1s? \u00bfTe sientes menos solo? \u00bfA que s\u00ed? \u00bfA que llegar a la Fase 2 vale la pena?<\/p>\n\n\n\n<p><em>\u00abMe sigue doliendo mucho\u00bb<\/em>, me dir\u00e1s. Lo s\u00e9. Aqu\u00ed el dolor ha cambiado e incluso puedes notarlo m\u00e1s profundo, como te cuento en mi experiencia sobre <strong><a href=\"https:\/\/www.emotionsdev.com\/ca\/el-duelo-despues-de-una-relacion-toxica-cuando-el-cuerpo-deja-de-sobrevivir-y-empieza-a-sentir\/\" data-type=\"link\" data-id=\"https:\/\/www.emotionsdev.com\/el-duelo-despues-de-una-relacion-toxica-cuando-el-cuerpo-deja-de-sobrevivir-y-empieza-a-sentir\/\">cuando el cuerpo deja de sobrevivir y empieza a sentir<\/a><\/strong>. Pero recuerda: est\u00e1s aqu\u00ed. Ahora es m\u00e1s dif\u00edcil caer en la Fase 0 porque empiezas a entender cosas; empiezas a leer todo lo ocurrido desde otro punto de vista y con otra perspectiva.<\/p>\n\n\n\n<p>Este es un momento importante porque has logrado soportar el dolor y has sido compasivo\/a contigo mismo.<\/p>\n\n\n\n<h2 class=\"wp-block-heading\">Detectar los fallos del sistema<\/h2>\n\n\n\n<p>Ahora es el momento donde puedes <strong>responsabilizarte de verdad<\/strong>. Es hora de observar y detectar todo lo que estaba pasando: c\u00f3mo llegaste a la Fase 0, por qu\u00e9 ocurri\u00f3&#8230; Es el momento de darte cuenta de que, en el fondo, ya sab\u00edas que ibas derecho hacia all\u00ed y que, aunque lo sab\u00edas, no ten\u00edas fuerzas para frenar.<\/p>\n\n\n\n<p>Pero repito: est\u00e1s aqu\u00ed y eso es una se\u00f1al excelente. No es que todo haya pasado, todav\u00eda queda mucho por recorrer, pero empiezas a estar en un <strong>lugar seguro<\/strong>.<\/p>\n\n\n\n<h2 class=\"wp-block-heading\">La recuperaci\u00f3n de la capacidad de escucha<\/h2>\n\n\n\n<p>Ya no te cuesta tanto salir de casa (o si sal\u00edas mucho por ansiedad, ya no tienes esa necesidad de huir tanto). Ya no te dan esos ataques tan fuertes. Ahora todo empieza a ser menos intenso pero m\u00e1s profundo, sobre todo porque est\u00e1s saliendo del estado de shock. Aqu\u00ed todav\u00eda te faltan fuerzas, pero las est\u00e1s recuperando poco a poco.<\/p>\n\n\n\n<p>En esta Fase 2 ya puedes empezar a <strong>escuchar, aceptar e integrar<\/strong> m\u00e1s cosas cuando te hablan. En la Fase 1 sent\u00edas que nadie te entend\u00eda (y la gran mayor\u00eda de veces es as\u00ed), pero aqu\u00ed ya tienes m\u00e1s capacidad de reflexi\u00f3n.<\/p>\n\n\n\n<h2 class=\"wp-block-heading\">El puente hacia la Fase 3<\/h2>\n\n\n\n<p>Te acercas a la Fase 3: la fase de la <strong>integraci\u00f3n del aprendizaje<\/strong>. Esa ser\u00e1 la etapa productiva, la que te ayudar\u00e1 a dejar atr\u00e1s el dolor profundo. Todo empezar\u00e1 a quedarse m\u00e1s integrado; seguir\u00e1n existiendo recuerdos dolorosos, pero ser\u00e1s consciente de que est\u00e1s cada vez m\u00e1s cerca de salir del t\u00fanel oscuro.<\/p>\n\n\n\n<p>Aunque ahora lo veas lejos, est\u00e1s a punto de sentir el alivio y la luz.<\/p>\n\n\n\n<figure class=\"wp-block-embed is-type-video is-provider-tiktok wp-block-embed-tiktok\"><div class=\"wp-block-embed__wrapper\">\n<blockquote class=\"tiktok-embed\" cite=\"https:\/\/www.tiktok.com\/@emotionsdev\/video\/7604927298940177686\" data-video-id=\"7604927298940177686\" data-embed-from=\"oembed\" style=\"max-width:605px; min-width:325px;\"> <section> <a target=\"_blank\" title=\"@emocionsdev\" href=\"https:\/\/www.tiktok.com\/@emotionsdev?refer=embed\" rel=\"noopener\">@emocionsdev<\/a> <p>En la Fase 2 escribir no es para culparte. Es para dejar de confundirte. Cuando pones por escrito: \u2013 las se\u00f1ales que viste \u2013 las faltas de respeto que normalizaste \u2013 y las creencias que te hicieron aguantar algo cambia: recuperas criterio. No es mirar atr\u00e1s. Es dejar de repetir. \ud83d\udc49 Guarda este v\u00eddeo si est\u00e1s empezando a entender sin romperte.<\/p> <a target=\"_blank\" title=\"\u266c \u043e\u0440\u0438\u0433\u0438\u043d\u0430\u043b\u044c\u043d\u044b\u0439 \u0437\u0432\u0443\u043a - Olha Veselovska@7\" href=\"https:\/\/www.tiktok.com\/music\/\u043e\u0440\u0438\u0433\u0438\u043d\u0430\u043b\u044c\u043d\u044b\u0439-\u0437\u0432\u0443\u043a-7604183391453465366?refer=embed\" rel=\"noopener\">\u266c \u043e\u0440\u0438\u0433\u0438\u043d\u0430\u043b\u044c\u043d\u044b\u0439 \u0437\u0432\u0443\u043a &#8211; Olha Veselovska@7<\/a> <\/section> <\/blockquote> <script async src=\"https:\/\/www.tiktok.com\/embed.js\"><\/script>\n<\/div><\/figure>\n\n\n\n<h2 class=\"wp-block-heading\"><a href=\"https:\/\/www.emotionsdev.com\/ca\/ejercicios-para-la-fase-2\/\" data-type=\"link\" data-id=\"https:\/\/www.emotionsdev.com\/ejercicios-para-la-fase-2\/\">Ejercicios para la Fase 2<\/a><\/h2>\n\n\n\n<h3 class=\"wp-block-heading\"><a href=\"https:\/\/www.emotionsdev.com\/ca\/de-errores-criticos-a-relaciones-rotas-entender-tus-vinculos-como-si-fueran-un-sistema\/\" data-type=\"link\" data-id=\"https:\/\/www.emotionsdev.com\/de-errores-criticos-a-relaciones-rotas-entender-tus-vinculos-como-si-fueran-un-sistema\/\">Cuando tu sistema interno empieza a llenarse de se\u00f1ales que ya no puedes ignorar<\/a><\/h3>\n\n\n\n<h3 class=\"wp-block-heading\"><a href=\"https:\/\/www.emotionsdev.com\/ca\/que-son-las-dependencias-de-librerias-en-programacion\/\" data-type=\"link\" data-id=\"https:\/\/www.emotionsdev.com\/que-son-las-dependencias-de-librerias-en-programacion\/\">Qu\u00e8 s\u00f3n les depend\u00e8ncies? Depend\u00e8ncies emocionals i biblioteques en la programaci\u00f3<\/a><\/h3>\n\n\n\n<h3 class=\"wp-block-heading\"><a href=\"https:\/\/www.emotionsdev.com\/ca\/cuando-repites-lo-mismo-una-y-otra-vez-aunque-no-quieras\/\" data-type=\"link\" data-id=\"https:\/\/www.emotionsdev.com\/cuando-repites-lo-mismo-una-y-otra-vez-aunque-no-quieras\/\">Quan repeteixes la mateixa cosa una vegada i una altra... fins i tot si no ho vols.<\/a><\/h3>\n\n\n\n<h3 class=\"wp-block-heading\"><a href=\"https:\/\/www.emotionsdev.com\/ca\/cuando-la-vida-te-lanza-un-golpe-inesperado\/\" data-type=\"link\" data-id=\"https:\/\/www.emotionsdev.com\/cuando-la-vida-te-lanza-un-golpe-inesperado\/\">Cuando la vida te lanza un golpe inesperado<\/a><\/h3>\n\n\n\n<h3 class=\"wp-block-heading\"><strong><a href=\"https:\/\/www.emotionsdev.com\/ca\/el-duelo-despues-de-una-relacion-toxica-cuando-el-cuerpo-deja-de-sobrevivir-y-empieza-a-sentir\/\" data-type=\"link\" data-id=\"https:\/\/www.emotionsdev.com\/el-duelo-despues-de-una-relacion-toxica-cuando-el-cuerpo-deja-de-sobrevivir-y-empieza-a-sentir\/\">Dol despr\u00e9s d'una relaci\u00f3 t\u00f2xica: quan el cos deixa de sobreviure i comen\u00e7a a sentir<\/a><\/strong><\/h3>\n\n\n\n<figure class=\"wp-block-embed is-type-rich is-provider-spotify wp-block-embed-spotify wp-embed-aspect-21-9 wp-has-aspect-ratio\"><div class=\"wp-block-embed__wrapper\">\n<iframe title=\"Spotify Embed: 20A\u00d1OS\" style=\"border-radius: 12px\" width=\"100%\" height=\"152\" frameborder=\"0\" allowfullscreen allow=\"autoplay; clipboard-write; encrypted-media; fullscreen; picture-in-picture\" loading=\"lazy\" src=\"https:\/\/open.spotify.com\/embed\/track\/6X5GajgZTa3x9yyVqZCzso?si=febab433c11d4a9a&amp;utm_source=oembed\"><\/iframe>\n<\/div><\/figure>\n\n\n\n<h2 class=\"wp-block-heading\"><strong><a href=\"https:\/\/www.emotionsdev.com\/ca\/metodo-reset\/fase-3-el-reset-de-fabrica-reconstruccion\/\" data-type=\"link\" data-id=\"https:\/\/www.emotionsdev.com\/metodo-reset\/fase-3-el-reset-de-fabrica-reconstruccion\/\">Seguir hacia la Fase 3: El \u00abReset\u00bb de F\u00e1brica (Reconstrucci\u00f3n)<\/a><\/strong><\/h2>","protected":false},"excerpt":{"rendered":"<p>Despu\u00e9s del shock inicial \u00bfHas llegado? \u00bfQu\u00e9 tal est\u00e1s? \u00bfTe sientes menos solo? \u00bfA que s\u00ed? \u00bfA que llegar a la Fase 2 vale la pena? \u00abMe sigue doliendo mucho\u00bb, me dir\u00e1s. Lo s\u00e9. Aqu\u00ed el dolor ha cambiado e incluso puedes notarlo m\u00e1s profundo, como te cuento en mi experiencia sobre cuando el cuerpo [&hellip;]<\/p>\n","protected":false},"author":1,"featured_media":0,"parent":1548,"menu_order":0,"comment_status":"closed","ping_status":"closed","template":"","meta":{"googlesitekit_rrm_CAowu-DEDA:productID":"","_monsterinsights_skip_tracking":false,"_monsterinsights_sitenote_active":false,"_monsterinsights_sitenote_note":"","_monsterinsights_sitenote_category":0,"_uf_show_specific_survey":0,"_uf_disable_surveys":false,"footnotes":""},"class_list":["post-1108","page","type-page","status-publish","hentry"],"amp_enabled":true,"_links":{"self":[{"href":"https:\/\/www.emotionsdev.com\/ca\/wp-json\/wp\/v2\/pages\/1108","targetHints":{"allow":["GET"]}}],"collection":[{"href":"https:\/\/www.emotionsdev.com\/ca\/wp-json\/wp\/v2\/pages"}],"about":[{"href":"https:\/\/www.emotionsdev.com\/ca\/wp-json\/wp\/v2\/types\/page"}],"author":[{"embeddable":true,"href":"https:\/\/www.emotionsdev.com\/ca\/wp-json\/wp\/v2\/users\/1"}],"replies":[{"embeddable":true,"href":"https:\/\/www.emotionsdev.com\/ca\/wp-json\/wp\/v2\/comments?post=1108"}],"version-history":[{"count":9,"href":"https:\/\/www.emotionsdev.com\/ca\/wp-json\/wp\/v2\/pages\/1108\/revisions"}],"predecessor-version":[{"id":1593,"href":"https:\/\/www.emotionsdev.com\/ca\/wp-json\/wp\/v2\/pages\/1108\/revisions\/1593"}],"up":[{"embeddable":true,"href":"https:\/\/www.emotionsdev.com\/ca\/wp-json\/wp\/v2\/pages\/1548"}],"wp:attachment":[{"href":"https:\/\/www.emotionsdev.com\/ca\/wp-json\/wp\/v2\/media?parent=1108"}],"curies":[{"name":"wp","href":"https:\/\/api.w.org\/{rel}","templated":true}]}}