{"id":1185,"date":"2026-01-01T09:30:21","date_gmt":"2026-01-01T07:30:21","guid":{"rendered":"https:\/\/www.emotionsdev.com\/?page_id=1185"},"modified":"2026-01-30T13:11:04","modified_gmt":"2026-01-30T11:11:04","slug":"fase-beta-el-sistema-esta-fallando-antes-del-colapso","status":"publish","type":"page","link":"https:\/\/www.emotionsdev.com\/ca\/metodo-reset\/duelo-relacional\/fase-beta-el-sistema-esta-fallando-antes-del-colapso\/","title":{"rendered":"Fase 0: L'av\u00eds \u00abSlow Mobile\u00bb (Fase beta)"},"content":{"rendered":"<h2 class=\"wp-block-heading\">Cuando el control es una ilusi\u00f3n<\/h2>\n\n\n\n<p>Apreciado lector\/a, si est\u00e1s aqu\u00ed leyendo estas palabras, puede ser por simple cotilleo o porque est\u00e1s en una situaci\u00f3n que te est\u00e1 apagando. Lo m\u00e1s importante que te puedo decir es: <strong>tranquilo\/a, no est\u00e1s solo\/a<\/strong> y quiero que te sientas acompa\u00f1ado\/a.<\/p>\n\n\n\n<p>En un momento de mi vida sent\u00ed que <strong>perd\u00eda el control<\/strong>, que nada estaba ya en mis manos. No ten\u00eda fuerzas para actuar, dudaba de si lo correcto era cerrar una etapa o de si deb\u00eda esforzarme m\u00e1s para solucionar los problemas. Eso me agotaba todav\u00eda m\u00e1s y adem\u00e1s viendo que <strong>en el barco estaba completamente solo<\/strong> y que lo que yo cre\u00eda que me acompa\u00f1aba, simplemente era una ilusi\u00f3n.<\/p>\n\n\n\n<p>Navegaba en un r\u00e1pido donde vas viendo rocas que se van acercando y que vas esquivando por los pelos. Esa es la sensaci\u00f3n que ten\u00eda: ver rocas que se acercaban, que golpeaban mi barco, que remaba como pod\u00eda, que intentaba tapar todos los agujeros que se iban haciendo y ver que <strong>el barco se iba hundiendo y no pod\u00eda hacer nada&#8230;<\/strong> y tampoco ten\u00eda fuerzas para salir del barco y empezar a nadar. Es esa sensaci\u00f3n de que <strong>no tienes ning\u00fan control de absolutamente nada en tu vida.<\/strong><\/p>\n\n\n\n<h2 class=\"wp-block-heading\">La incertidumbre que te abraza<\/h2>\n\n\n\n<p>Pero eso, que se traduce con <strong>ansiedad constante<\/strong> y que no te la puedes quitar ni fumando ni con pastillas, que te cuesta dormir y te levantas a media noche con el coraz\u00f3n a mil, donde te da miedo tomar cualquier decisi\u00f3n y que sabes que <strong>nadie la puede tomar por ti<\/strong>, que tus amigos\/as te pueden decir mil cosas pero aun as\u00ed t\u00fa no tienes fuerzas para hacer nada&#8230;<\/p>\n\n\n\n<p>Es el momento donde la <strong>incertidumbre te abraza sin dejarte ir<\/strong> y t\u00fa ya has perdido cualquier forma de escapar&#8230; Es en ese momento cuando tienes que decidir <strong>dejarte ir, no controlar nada<\/strong>, ponerte en manos de la vida, del Universo, de Dios, de tu interior, de tu fuerza vital, de tu alma&#8230; De todo lo que hay y tienes y que ahora mismo no puedes ver.<\/p>\n\n\n\n<h2 class=\"wp-block-heading\">El comando de rescate: Ponerme en sus manos<\/h2>\n\n\n\n<p>Te digo lo que yo hice y he hecho en m\u00e1s de una ocasi\u00f3n cuando he perdido el control por completo. Digo:<\/p>\n\n\n\n<blockquote class=\"wp-block-quote\">\n<p><em>\u00abUniverso, Dios, me pongo en tus manos. S\u00e9 que t\u00fa sabes lo que hay que hacer y yo ahora mismo ya no tengo fuerzas. <\/em><br><em>Necesito que t\u00fa me ayudes a salir de esta situaci\u00f3n y me pongas las cosas f\u00e1ciles para que esto ocurra. <\/em><br><em>Yo no tengo fuerzas, no me siento capaz, no lo consigo, ahora mismo no tengo esta capacidad, por lo tanto, t\u00fa que eres la fuerza, el que siempre me ha ayudado y siempre has estado a mi lado, te pido desde lo m\u00e1s profundo de mi coraz\u00f3n y desde todo mi amor, que hagas lo que tengas que hacer. <\/em><br><em>Ya sabes que yo siempre elijo tu camino me guste o no, y yo quiero servirte aqu\u00ed en la Tierra y ser parte de ti. <\/em><br><em>T\u00fa sabes cu\u00e1l es mi camino y mi prop\u00f3sito, yo me dejo guiar por ti. Gracias.\u00bb<\/em><\/p>\n<\/blockquote>\n\n\n\n<p>Como veis <strong>es una flipada<\/strong>, pero siempre, y cuando digo siempre, a m\u00ed me ha funcionado. Querida persona que est\u00e1 leyendo esto, solo quiero que sepas que <strong>me encantar\u00eda abrazarte ahora mismo.<\/strong><\/p>\n\n\n\n<h2 class=\"wp-block-heading\">\u00bfC\u00f3mo saber si realmente est\u00e1s en esta Fase 0?<\/h2>\n\n\n\n<p>Si te has sentido reflejado con lo que te he contado antes, es muy probable que tu <strong>panel de control<\/strong> te est\u00e9 enviando se\u00f1ales de alerta que ya no puedes ignorar. No es que est\u00e9s roto, es que tu sistema te est\u00e1 avisando de que el barco no aguanta m\u00e1s.<\/p>\n\n\n\n<p>Aqu\u00ed tienes los <strong>errores de sistema<\/strong> m\u00e1s comunes que yo sent\u00ed en esta etapa:<\/p>\n\n\n\n<ul class=\"wp-block-list\">\n<li><strong>Saturaci\u00f3n total:<\/strong> Tienes tantas \u00abpesta\u00f1as\u00bb abiertas en tu mente (problemas, miedos, dudas sobre si seguir o no&#8230;) que ya no puedes ni tomar una decisi\u00f3n sencilla. Tu procesador est\u00e1 al 100% y no avanza.<\/li>\n\n\n\n<li><strong>Te levantas sin bater\u00eda:<\/strong> Da igual las horas que duermas. Te levantas cansado, como si no hubieras cargado nada de energ\u00eda durante la noche. El agotamiento es mental y f\u00edsico.<\/li>\n\n\n\n<li><strong>Sensor de alarma saltando por todo:<\/strong> Cualquier tonter\u00eda \u2014un mensaje, un plato que se rompe o un comentario tonto\u2014 te provoca una reacci\u00f3n desproporcionada. Est\u00e1s \u00aben guardia\u00bb constante.<\/li>\n\n\n\n<li><strong>Modo congelado:<\/strong> Sabes que tienes que saltar del barco, pero tu cuerpo no responde. Est\u00e1s paralizado. Y quiero que sepas que no es pereza, es simplemente que tu sistema ha entrado en modo defensa porque ya no puede m\u00e1s.<\/li>\n<\/ul>\n\n\n\n<p>El objetivo de esta fase no es que intentes arreglar el barco una vez m\u00e1s. <strong>El objetivo es que aceptes que se hunde<\/strong>, que dejes de luchar contra lo imposible para que puedas empezar a nadar hacia la <strong><a href=\"https:\/\/www.emotionsdev.com\/ca\/metodo-reset\/fase-1-el-pantallazo-negro-el-colapso\/\" data-type=\"link\" data-id=\"https:\/\/www.emotionsdev.com\/metodo-reset\/fase-1-el-pantallazo-negro-el-colapso\/\">Fase 1<\/a><\/strong>.<\/p>\n\n\n\n<p><\/p>\n\n\n\n<h2 class=\"wp-block-heading\"><a href=\"https:\/\/www.emotionsdev.com\/ca\/ejercicio-para-la-fase-0\/\" data-type=\"link\" data-id=\"https:\/\/www.emotionsdev.com\/ejercicio-para-la-fase-0\/\">Ejercicio para la Fase 0<\/a><\/h2>\n\n\n\n<p><\/p>\n\n\n\n<h2 class=\"wp-block-heading\"><a href=\"https:\/\/www.emotionsdev.com\/ca\/metodo-reset\/fase-1-el-pantallazo-negro-el-colapso\/\" data-type=\"link\" data-id=\"https:\/\/www.emotionsdev.com\/metodo-reset\/fase-1-el-pantallazo-negro-el-colapso\/\">Seguir hacia la Fase 1: El Pantallazo Negro (El Colapso)<\/a><\/h2>\n\n\n\n<p><\/p>","protected":false},"excerpt":{"rendered":"<p>Cuando el control es una ilusi\u00f3n Apreciado lector\/a, si est\u00e1s aqu\u00ed leyendo estas palabras, puede ser por simple cotilleo o porque est\u00e1s en una situaci\u00f3n que te est\u00e1 apagando. Lo m\u00e1s importante que te puedo decir es: tranquilo\/a, no est\u00e1s solo\/a y quiero que te sientas acompa\u00f1ado\/a. En un momento de mi vida sent\u00ed que [&hellip;]<\/p>\n","protected":false},"author":1,"featured_media":1284,"parent":1548,"menu_order":0,"comment_status":"closed","ping_status":"closed","template":"","meta":{"googlesitekit_rrm_CAowu-DEDA:productID":"","_monsterinsights_skip_tracking":false,"_monsterinsights_sitenote_active":false,"_monsterinsights_sitenote_note":"","_monsterinsights_sitenote_category":0,"_uf_show_specific_survey":0,"_uf_disable_surveys":false,"footnotes":""},"class_list":["post-1185","page","type-page","status-publish","has-post-thumbnail","hentry"],"amp_enabled":true,"_links":{"self":[{"href":"https:\/\/www.emotionsdev.com\/ca\/wp-json\/wp\/v2\/pages\/1185","targetHints":{"allow":["GET"]}}],"collection":[{"href":"https:\/\/www.emotionsdev.com\/ca\/wp-json\/wp\/v2\/pages"}],"about":[{"href":"https:\/\/www.emotionsdev.com\/ca\/wp-json\/wp\/v2\/types\/page"}],"author":[{"embeddable":true,"href":"https:\/\/www.emotionsdev.com\/ca\/wp-json\/wp\/v2\/users\/1"}],"replies":[{"embeddable":true,"href":"https:\/\/www.emotionsdev.com\/ca\/wp-json\/wp\/v2\/comments?post=1185"}],"version-history":[{"count":10,"href":"https:\/\/www.emotionsdev.com\/ca\/wp-json\/wp\/v2\/pages\/1185\/revisions"}],"predecessor-version":[{"id":1346,"href":"https:\/\/www.emotionsdev.com\/ca\/wp-json\/wp\/v2\/pages\/1185\/revisions\/1346"}],"up":[{"embeddable":true,"href":"https:\/\/www.emotionsdev.com\/ca\/wp-json\/wp\/v2\/pages\/1548"}],"wp:featuredmedia":[{"embeddable":true,"href":"https:\/\/www.emotionsdev.com\/ca\/wp-json\/wp\/v2\/media\/1284"}],"wp:attachment":[{"href":"https:\/\/www.emotionsdev.com\/ca\/wp-json\/wp\/v2\/media?parent=1185"}],"curies":[{"name":"wp","href":"https:\/\/api.w.org\/{rel}","templated":true}]}}