{"id":1317,"date":"2026-01-11T17:43:12","date_gmt":"2026-01-11T15:43:12","guid":{"rendered":"https:\/\/www.emotionsdev.com\/?page_id=1317"},"modified":"2026-02-04T10:58:33","modified_gmt":"2026-02-04T08:58:33","slug":"mis-canciones","status":"publish","type":"page","link":"https:\/\/www.emotionsdev.com\/ca\/mis-canciones\/","title":{"rendered":"Les Meves Can\u00e7ons"},"content":{"rendered":"<p>Descubre el universo musical de <a href=\"https:\/\/www.instagram.com\/podeschva\/\" target=\"_blank\" rel=\"noopener\">Podeschva<\/a> en EmotionsDev. <br>Escucha algunas de mis maquetas producidas por <a href=\"https:\/\/www.instagram.com\/slapguitar\/\" data-type=\"link\" data-id=\"https:\/\/www.instagram.com\/slapguitar\/\" target=\"_blank\" rel=\"noopener\">Marc Medina Granica<\/a>, &#8216;Bona nit&#8217;, &#8216;Dem\u00e0&#8217;, &#8216;Home colom&#8217; y &#8216;Aquesta nit&#8217;, y otras en versi\u00f3n m\u00e1s sencillas.<br>M\u00fasica de autor con alma y sentimiento.<\/p>\n\n\n\n<p><\/p>\n\n\n\n<h2 class=\"wp-block-heading\">Home colom &#8211; Podeschva (2022)<\/h2>\n\n\n\n<p>Trata sobre una persona que quiere quitarse la vida, pero el universo le va poniendo cosas para que no lo haga.<\/p>\n\n\n\n<figure class=\"wp-block-embed is-type-video is-provider-youtube wp-block-embed-youtube wp-embed-aspect-16-9 wp-has-aspect-ratio\"><div class=\"wp-block-embed__wrapper\">\n<iframe loading=\"lazy\" title=\"Home Colom   Podeschva\" width=\"787\" height=\"443\" src=\"https:\/\/www.youtube.com\/embed\/RNQsgdjwEVM?feature=oembed\" frameborder=\"0\" allow=\"accelerometer; autoplay; clipboard-write; encrypted-media; gyroscope; picture-in-picture; web-share\" referrerpolicy=\"strict-origin-when-cross-origin\" allowfullscreen><\/iframe>\n<\/div><\/figure>\n\n\n\n<p><\/p>\n\n\n\n<h2 class=\"wp-block-heading\">Dem\u00e0 &#8211; Podeschva (2023)<\/h2>\n\n\n\n<p>Trata sobre dos personas que se encuentran y consiguen dejar atr\u00e1s su pasado y construir un futuro sano juntos.<\/p>\n\n\n\n<figure class=\"wp-block-embed is-type-video is-provider-youtube wp-block-embed-youtube wp-embed-aspect-16-9 wp-has-aspect-ratio\"><div class=\"wp-block-embed__wrapper\">\n<iframe loading=\"lazy\" title=\"Dem\u00e0  - Podeschva\" width=\"787\" height=\"443\" src=\"https:\/\/www.youtube.com\/embed\/XFq_8PkmxLQ?feature=oembed\" frameborder=\"0\" allow=\"accelerometer; autoplay; clipboard-write; encrypted-media; gyroscope; picture-in-picture; web-share\" referrerpolicy=\"strict-origin-when-cross-origin\" allowfullscreen><\/iframe>\n<\/div><\/figure>\n\n\n\n<p><\/p>\n\n\n\n<h2 class=\"wp-block-heading\">Aquesta nit &#8211; Podeschva (2023)<\/h2>\n\n\n\n<p>Trata sobre el desconsuelo de una persona que a\u00fan no se acaba de creer que todo ha acabado y todavia tiene una luz de esperanza.<\/p>\n\n\n\n<figure class=\"wp-block-embed is-type-video is-provider-youtube wp-block-embed-youtube wp-embed-aspect-16-9 wp-has-aspect-ratio\"><div class=\"wp-block-embed__wrapper\">\n<iframe loading=\"lazy\" title=\"Aquesta Nit  - Podeschva\" width=\"787\" height=\"443\" src=\"https:\/\/www.youtube.com\/embed\/jHPQ9XMptt8?feature=oembed\" frameborder=\"0\" allow=\"accelerometer; autoplay; clipboard-write; encrypted-media; gyroscope; picture-in-picture; web-share\" referrerpolicy=\"strict-origin-when-cross-origin\" allowfullscreen><\/iframe>\n<\/div><\/figure>\n\n\n\n<p><\/p>\n\n\n\n<h2 class=\"wp-block-heading\"><strong>Bona Nit &#8211; Podeschva<\/strong> (2024)<\/h2>\n\n\n\n<p>Canci\u00f3n de buenas noches dedicada a mi hijo \u00c0ngel<\/p>\n\n\n\n<figure class=\"wp-block-embed is-type-video is-provider-youtube wp-block-embed-youtube wp-embed-aspect-16-9 wp-has-aspect-ratio\"><div class=\"wp-block-embed__wrapper\">\n<iframe loading=\"lazy\" title=\"Bona Nit  - Podeschva (Can\u00e7\u00f3 de per anar a dormir)\" width=\"787\" height=\"443\" src=\"https:\/\/www.youtube.com\/embed\/GWLYXHh5kF4?feature=oembed\" frameborder=\"0\" allow=\"accelerometer; autoplay; clipboard-write; encrypted-media; gyroscope; picture-in-picture; web-share\" referrerpolicy=\"strict-origin-when-cross-origin\" allowfullscreen><\/iframe>\n<\/div><\/figure>\n\n\n\n<p><\/p>\n\n\n\n<h2 class=\"wp-block-heading\">Potser dem\u00e0 &#8211; Podeschva (2024)<\/h2>\n\n\n\n<p>Esta canci\u00f3n va de una relaci\u00f3n rota, con incomprensi\u00f3n y el protagonista pinesa que quiz\u00e1s ma\u00f1ana puedan volver hablar desde otro lugar.<\/p>\n\n\n\n<figure class=\"wp-block-embed is-type-video is-provider-youtube wp-block-embed-youtube wp-embed-aspect-16-9 wp-has-aspect-ratio\"><div class=\"wp-block-embed__wrapper\">\n<iframe loading=\"lazy\" title=\"Potser dem\u00e0 - Podeschva \" width=\"787\" height=\"443\" src=\"https:\/\/www.youtube.com\/embed\/GnhE8rQursk?feature=oembed\" frameborder=\"0\" allow=\"accelerometer; autoplay; clipboard-write; encrypted-media; gyroscope; picture-in-picture; web-share\" referrerpolicy=\"strict-origin-when-cross-origin\" allowfullscreen><\/iframe>\n<\/div><\/figure>\n\n\n\n<p><\/p>\n\n\n\n<h2 class=\"wp-block-heading\">Ay muchachita &#8211; Podeschva (2025)<\/h2>\n\n\n\n<p>La canci\u00f3n habla de un sentimiento de cansancio acerca de la relaci\u00f3n finalizada donde el protagonista siente que no le dejan acabar de cerrar.<\/p>\n\n\n\n<figure class=\"wp-block-embed is-type-video is-provider-youtube wp-block-embed-youtube wp-embed-aspect-16-9 wp-has-aspect-ratio\"><div class=\"wp-block-embed__wrapper\">\n<iframe loading=\"lazy\" title=\"Ay Muchachita - Podeschva\" width=\"787\" height=\"443\" src=\"https:\/\/www.youtube.com\/embed\/5azJ6x1Ky2M?feature=oembed\" frameborder=\"0\" allow=\"accelerometer; autoplay; clipboard-write; encrypted-media; gyroscope; picture-in-picture; web-share\" referrerpolicy=\"strict-origin-when-cross-origin\" allowfullscreen><\/iframe>\n<\/div><\/figure>\n\n\n\n<p><\/p>\n\n\n\n<h2 class=\"wp-block-heading\">Deixar anar &#8211; Podeschva (2026)<\/h2>\n\n\n\n<p>Aqu\u00ed la canci\u00f3n trata de soltar el dolor y darse cuenta que no est\u00e1 solo. Esta est\u00e1 dedicada a mis amigos.<\/p>\n\n\n\n<figure class=\"wp-block-embed is-type-video is-provider-youtube wp-block-embed-youtube wp-embed-aspect-4-3 wp-has-aspect-ratio\"><div class=\"wp-block-embed__wrapper\">\n<iframe loading=\"lazy\" title=\"Deixar anar - Podeschva\" width=\"787\" height=\"590\" src=\"https:\/\/www.youtube.com\/embed\/QY8bK-rZqiA?feature=oembed\" frameborder=\"0\" allow=\"accelerometer; autoplay; clipboard-write; encrypted-media; gyroscope; picture-in-picture; web-share\" referrerpolicy=\"strict-origin-when-cross-origin\" allowfullscreen><\/iframe>\n<\/div><\/figure>","protected":false},"excerpt":{"rendered":"<p>Descubre el universo musical de Podeschva en EmotionsDev. Escucha algunas de mis maquetas producidas por Marc Medina Granica, &#8216;Bona nit&#8217;, &#8216;Dem\u00e0&#8217;, &#8216;Home colom&#8217; y &#8216;Aquesta nit&#8217;, y otras en versi\u00f3n m\u00e1s sencillas.M\u00fasica de autor con alma y sentimiento. Home colom &#8211; Podeschva (2022) Trata sobre una persona que quiere quitarse la vida, pero el universo [&hellip;]<\/p>\n","protected":false},"author":1,"featured_media":0,"parent":0,"menu_order":0,"comment_status":"closed","ping_status":"closed","template":"","meta":{"googlesitekit_rrm_CAowu-DEDA:productID":"","_monsterinsights_skip_tracking":false,"_monsterinsights_sitenote_active":false,"_monsterinsights_sitenote_note":"","_monsterinsights_sitenote_category":0,"_uf_show_specific_survey":0,"_uf_disable_surveys":false,"footnotes":""},"class_list":["post-1317","page","type-page","status-publish","hentry"],"amp_enabled":true,"_links":{"self":[{"href":"https:\/\/www.emotionsdev.com\/ca\/wp-json\/wp\/v2\/pages\/1317","targetHints":{"allow":["GET"]}}],"collection":[{"href":"https:\/\/www.emotionsdev.com\/ca\/wp-json\/wp\/v2\/pages"}],"about":[{"href":"https:\/\/www.emotionsdev.com\/ca\/wp-json\/wp\/v2\/types\/page"}],"author":[{"embeddable":true,"href":"https:\/\/www.emotionsdev.com\/ca\/wp-json\/wp\/v2\/users\/1"}],"replies":[{"embeddable":true,"href":"https:\/\/www.emotionsdev.com\/ca\/wp-json\/wp\/v2\/comments?post=1317"}],"version-history":[{"count":11,"href":"https:\/\/www.emotionsdev.com\/ca\/wp-json\/wp\/v2\/pages\/1317\/revisions"}],"predecessor-version":[{"id":1583,"href":"https:\/\/www.emotionsdev.com\/ca\/wp-json\/wp\/v2\/pages\/1317\/revisions\/1583"}],"wp:attachment":[{"href":"https:\/\/www.emotionsdev.com\/ca\/wp-json\/wp\/v2\/media?parent=1317"}],"curies":[{"name":"wp","href":"https:\/\/api.w.org\/{rel}","templated":true}]}}