{"id":1366,"date":"2026-01-19T09:11:36","date_gmt":"2026-01-19T07:11:36","guid":{"rendered":"https:\/\/www.emotionsdev.com\/?page_id=1366"},"modified":"2026-01-19T09:13:51","modified_gmt":"2026-01-19T07:13:51","slug":"videos","status":"publish","type":"page","link":"https:\/\/www.emotionsdev.com\/ca\/videos\/","title":{"rendered":"V\u00eddeos"},"content":{"rendered":"<figure class=\"wp-block-embed is-type-rich is-provider-tiktok wp-block-embed-tiktok\"><div class=\"wp-block-embed__wrapper\">\n<blockquote class=\"tiktok-embed\" cite=\"https:\/\/www.tiktok.com\/@emotionsdev\" data-unique-id=\"emotionsdev\" data-embed-from=\"oembed\" data-embed-type=\"creator\" style=\"max-width:780px; min-width:288px;\"> <section> <a target=\"_blank\" href=\"https:\/\/www.tiktok.com\/@emotionsdev?refer=creator_embed\" rel=\"noopener\">@emocionsdev<\/a> <\/section> <\/blockquote> <script async src=\"https:\/\/www.tiktok.com\/embed.js\"><\/script>\n<\/div><\/figure>\n\n\n\n<p><strong>En <a href=\"https:\/\/www.tiktok.com\/@emotionsdev\" data-type=\"link\" data-id=\"https:\/\/www.tiktok.com\/@emotionsdev\" target=\"_blank\" rel=\"noopener\">TikTok<\/a>, <a href=\"https:\/\/www.youtube.com\/@EmotionsDev\" data-type=\"link\" data-id=\"https:\/\/www.youtube.com\/@EmotionsDev\" target=\"_blank\" rel=\"noopener\">YouTube <\/a>e <a href=\"https:\/\/www.instagram.com\/emotionsdev\/\" data-type=\"link\" data-id=\"https:\/\/www.instagram.com\/emotionsdev\/\" target=\"_blank\" rel=\"noopener\">Instagram<\/a>, trato de subir contenido explic\u00e1ndo met\u00e1foras, procesos y hablar sobre todo lo que encontrar\u00e1s en esta web.<\/strong><\/p>","protected":false},"excerpt":{"rendered":"<p>En TikTok, YouTube e Instagram, trato de subir contenido explic\u00e1ndo met\u00e1foras, procesos y hablar sobre todo lo que encontrar\u00e1s en esta web.<\/p>","protected":false},"author":1,"featured_media":0,"parent":0,"menu_order":0,"comment_status":"closed","ping_status":"closed","template":"","meta":{"googlesitekit_rrm_CAowu-DEDA:productID":"","_monsterinsights_skip_tracking":false,"_monsterinsights_sitenote_active":false,"_monsterinsights_sitenote_note":"","_monsterinsights_sitenote_category":0,"_uf_show_specific_survey":0,"_uf_disable_surveys":false,"footnotes":""},"class_list":["post-1366","page","type-page","status-publish","hentry"],"amp_enabled":true,"_links":{"self":[{"href":"https:\/\/www.emotionsdev.com\/ca\/wp-json\/wp\/v2\/pages\/1366","targetHints":{"allow":["GET"]}}],"collection":[{"href":"https:\/\/www.emotionsdev.com\/ca\/wp-json\/wp\/v2\/pages"}],"about":[{"href":"https:\/\/www.emotionsdev.com\/ca\/wp-json\/wp\/v2\/types\/page"}],"author":[{"embeddable":true,"href":"https:\/\/www.emotionsdev.com\/ca\/wp-json\/wp\/v2\/users\/1"}],"replies":[{"embeddable":true,"href":"https:\/\/www.emotionsdev.com\/ca\/wp-json\/wp\/v2\/comments?post=1366"}],"version-history":[{"count":3,"href":"https:\/\/www.emotionsdev.com\/ca\/wp-json\/wp\/v2\/pages\/1366\/revisions"}],"predecessor-version":[{"id":1373,"href":"https:\/\/www.emotionsdev.com\/ca\/wp-json\/wp\/v2\/pages\/1366\/revisions\/1373"}],"wp:attachment":[{"href":"https:\/\/www.emotionsdev.com\/ca\/wp-json\/wp\/v2\/media?parent=1366"}],"curies":[{"name":"wp","href":"https:\/\/api.w.org\/{rel}","templated":true}]}}