{"id":436,"date":"2022-03-23T10:46:06","date_gmt":"2022-03-23T10:46:06","guid":{"rendered":"http:\/\/localhost\/wordpress\/maxcast\/?page_id=10"},"modified":"2026-01-26T09:14:53","modified_gmt":"2026-01-26T07:14:53","slug":"inicio","status":"publish","type":"page","link":"https:\/\/www.emotionsdev.com\/ca\/","title":{"rendered":"Inici"},"content":{"rendered":"<h1 class=\"wp-block-heading\"><strong>Entiende tu mundo interior con la misma l\u00f3gica que usas fuera.<\/strong><em> Un espacio para traducir emociones complejas a conceptos sencillos.<\/em><\/h1>\n\n\n\n<h2 class=\"wp-block-heading\"><strong>EmotionsDev es un espacio donde las emociones se entienden sin teor\u00eda ni f\u00f3rmulas m\u00e1gicas.<\/strong><\/h2>\n\n\n\n<h2 class=\"wp-block-heading\"><strong>Emociones explicadas con claridad<\/strong><\/h2>\n\n\n\n<p><br>A trav\u00e9s de met\u00e1foras de la tecnolog\u00eda cotidiana reflexiono a trav\u00e9s de experi\u00e9ncias, sobre relaciones, l\u00edmites, autocuidado y crecimiento personal, para ayudarte a comprender lo que te pasa por dentro sin juzgarte.<\/p>","protected":false},"excerpt":{"rendered":"<p>Entiende tu mundo interior con la misma l\u00f3gica que usas fuera. Un espacio para traducir emociones complejas a conceptos sencillos. EmotionsDev es un espacio donde las emociones se entienden sin teor\u00eda ni f\u00f3rmulas m\u00e1gicas. Emociones explicadas con claridad A trav\u00e9s de met\u00e1foras de la tecnolog\u00eda cotidiana reflexiono a trav\u00e9s de experi\u00e9ncias, sobre relaciones, l\u00edmites, autocuidado [&hellip;]<\/p>\n","protected":false},"author":1,"featured_media":0,"parent":0,"menu_order":0,"comment_status":"closed","ping_status":"closed","template":"homepage.php","meta":{"googlesitekit_rrm_CAowu-DEDA:productID":"","_monsterinsights_skip_tracking":false,"_monsterinsights_sitenote_active":false,"_monsterinsights_sitenote_note":"","_monsterinsights_sitenote_category":0,"_uf_show_specific_survey":0,"_uf_disable_surveys":false,"footnotes":""},"class_list":["post-436","page","type-page","status-publish","hentry"],"amp_enabled":false,"_links":{"self":[{"href":"https:\/\/www.emotionsdev.com\/ca\/wp-json\/wp\/v2\/pages\/436","targetHints":{"allow":["GET"]}}],"collection":[{"href":"https:\/\/www.emotionsdev.com\/ca\/wp-json\/wp\/v2\/pages"}],"about":[{"href":"https:\/\/www.emotionsdev.com\/ca\/wp-json\/wp\/v2\/types\/page"}],"author":[{"embeddable":true,"href":"https:\/\/www.emotionsdev.com\/ca\/wp-json\/wp\/v2\/users\/1"}],"replies":[{"embeddable":true,"href":"https:\/\/www.emotionsdev.com\/ca\/wp-json\/wp\/v2\/comments?post=436"}],"version-history":[{"count":8,"href":"https:\/\/www.emotionsdev.com\/ca\/wp-json\/wp\/v2\/pages\/436\/revisions"}],"predecessor-version":[{"id":1431,"href":"https:\/\/www.emotionsdev.com\/ca\/wp-json\/wp\/v2\/pages\/436\/revisions\/1431"}],"wp:attachment":[{"href":"https:\/\/www.emotionsdev.com\/ca\/wp-json\/wp\/v2\/media?parent=436"}],"curies":[{"name":"wp","href":"https:\/\/api.w.org\/{rel}","templated":true}]}}